{"id":160,"date":"2023-09-12T10:43:52","date_gmt":"2023-09-12T08:43:52","guid":{"rendered":"https:\/\/xn--dobrosaw-cpb.pl\/?page_id=160"},"modified":"2024-12-17T12:08:18","modified_gmt":"2024-12-17T11:08:18","slug":"dokumenty","status":"publish","type":"page","link":"https:\/\/dobros\u0142aw.pl\/?page_id=160","title":{"rendered":"DOKUMENTY"},"content":{"rendered":"\r\n<p>KA\u017bDY NASZ WOLONTARIUSZ LUB KOLPORTER MUSI POSIADA\u0106 IDENTYFIKATOR I UPOWA\u017bNIENIE Z WA\u017bN\u0104 DAT\u0104 ,OPATRZONE PIECZ\u0118CIAMI STOWARZYSZENIA<\/p>\r\n\r\n\r\n\r\n<figure class=\"wp-block-gallery has-nested-images columns-default is-cropped wp-block-gallery-1 is-layout-flex wp-block-gallery-is-layout-flex\">\r\n<figure class=\"wp-block-image size-large\"><img decoding=\"async\" data-id=\"11\" class=\"wp-image-11\" src=\"https:\/\/xn--dobrosaw-cpb.pl\/wp-content\/uploads\/2021\/11\/logo-prze.jpg\" alt=\"\" \/>\r\n<figcaption class=\"wp-element-caption\">STOWARZYSZENIE CHARYTATYWNE DOBROS\u0141AW<\/figcaption>\r\n<\/figure>\r\n<\/figure>\r\n\r\n\r\n\r\n<p>Je\u015bli chc\u0105 Pa\u0144stwo sprawdzi\u0107 aktualny status wolontariusza czy kolportera,nale\u017cy zacz\u0105\u0107 od wylegitymowania go na podstawie identyfikatora i imiennego upowa\u017cnienia. W razie w\u0105tpliwo\u015bci dzwonimy na nr podany w kontakcie SCHD ,lub na identyfikatorze.<\/p>\r\n\r\n\r\n\r\n<p>Prosimy te\u017c o wyrozumia\u0142o\u015b\u0107 dla nich .Wolontariusz to naprawd\u0119 ci\u0119\u017cki kawa\u0142ek chleba, a ludzi chc\u0105cych si\u0119 anga\u017cowa\u0107 jest bardzo ma\u0142o.<\/p>\r\n\r\n\r\n\r\n<p>DZI\u0118KUJEMY ZA WYROZUMIA\u0141O\u015a\u0106<\/p>\r\n","protected":false},"excerpt":{"rendered":"<p>KA\u017bDY NASZ WOLONTARIUSZ LUB KOLPORTER MUSI POSIADA\u0106 IDENTYFIKATOR I UPOWA\u017bNIENIE Z WA\u017bN\u0104 DAT\u0104 ,OPATRZONE PIECZ\u0118CIAMI STOWARZYSZENIA Je\u015bli chc\u0105 Pa\u0144stwo sprawdzi\u0107 aktualny status wolontariusza czy kolportera,nale\u017cy zacz\u0105\u0107 od wylegitymowania go na podstawie identyfikatora i imiennego upowa\u017cnienia. W razie w\u0105tpliwo\u015bci dzwonimy na nr podany w kontakcie SCHD ,lub na identyfikatorze. Prosimy te\u017c o wyrozumia\u0142o\u015b\u0107 dla nich .Wolontariusz [&hellip;]<\/p>\n","protected":false},"author":1,"featured_media":0,"parent":0,"menu_order":0,"comment_status":"closed","ping_status":"closed","template":"","meta":{"footnotes":""},"class_list":["post-160","page","type-page","status-publish","hentry"],"_links":{"self":[{"href":"https:\/\/dobros\u0142aw.pl\/index.php?rest_route=\/wp\/v2\/pages\/160","targetHints":{"allow":["GET"]}}],"collection":[{"href":"https:\/\/dobros\u0142aw.pl\/index.php?rest_route=\/wp\/v2\/pages"}],"about":[{"href":"https:\/\/dobros\u0142aw.pl\/index.php?rest_route=\/wp\/v2\/types\/page"}],"author":[{"embeddable":true,"href":"https:\/\/dobros\u0142aw.pl\/index.php?rest_route=\/wp\/v2\/users\/1"}],"replies":[{"embeddable":true,"href":"https:\/\/dobros\u0142aw.pl\/index.php?rest_route=%2Fwp%2Fv2%2Fcomments&post=160"}],"version-history":[{"count":4,"href":"https:\/\/dobros\u0142aw.pl\/index.php?rest_route=\/wp\/v2\/pages\/160\/revisions"}],"predecessor-version":[{"id":287,"href":"https:\/\/dobros\u0142aw.pl\/index.php?rest_route=\/wp\/v2\/pages\/160\/revisions\/287"}],"wp:attachment":[{"href":"https:\/\/dobros\u0142aw.pl\/index.php?rest_route=%2Fwp%2Fv2%2Fmedia&parent=160"}],"curies":[{"name":"wp","href":"https:\/\/api.w.org\/{rel}","templated":true}]}}