{"id":173,"date":"2024-01-23T10:21:09","date_gmt":"2024-01-23T09:21:09","guid":{"rendered":"https:\/\/xn--dobrosaw-cpb.pl\/?page_id=173"},"modified":"2024-04-24T10:51:50","modified_gmt":"2024-04-24T08:51:50","slug":"klaudia","status":"publish","type":"page","link":"https:\/\/dobros\u0142aw.pl\/?page_id=173","title":{"rendered":"Klaudia"},"content":{"rendered":"\n<p>Pomagamy Klaudii ,kt\u00f3ra robi ci\u0105g\u0142e post\u0119py.<\/p>\n\n\n\n<p>Przypominamy si\u0119 i prosimy o wsparcie<\/p>\n\n\n\n<figure class=\"wp-block-gallery has-nested-images columns-default is-cropped wp-block-gallery-1 is-layout-flex wp-block-gallery-is-layout-flex\">\n<figure class=\"wp-block-image size-large\"><img decoding=\"async\" data-id=\"177\" src=\"https:\/\/xn--dobrosaw-cpb.pl\/wp-content\/uploads\/2024\/01\/foto-1.png\" alt=\"\" class=\"wp-image-177\"\/><\/figure>\n<\/figure>\n","protected":false},"excerpt":{"rendered":"<p>Pomagamy Klaudii ,kt\u00f3ra robi ci\u0105g\u0142e post\u0119py. Przypominamy si\u0119 i prosimy o wsparcie<\/p>\n","protected":false},"author":1,"featured_media":0,"parent":0,"menu_order":0,"comment_status":"closed","ping_status":"closed","template":"","meta":{"footnotes":""},"class_list":["post-173","page","type-page","status-publish","hentry"],"_links":{"self":[{"href":"https:\/\/dobros\u0142aw.pl\/index.php?rest_route=\/wp\/v2\/pages\/173","targetHints":{"allow":["GET"]}}],"collection":[{"href":"https:\/\/dobros\u0142aw.pl\/index.php?rest_route=\/wp\/v2\/pages"}],"about":[{"href":"https:\/\/dobros\u0142aw.pl\/index.php?rest_route=\/wp\/v2\/types\/page"}],"author":[{"embeddable":true,"href":"https:\/\/dobros\u0142aw.pl\/index.php?rest_route=\/wp\/v2\/users\/1"}],"replies":[{"embeddable":true,"href":"https:\/\/dobros\u0142aw.pl\/index.php?rest_route=%2Fwp%2Fv2%2Fcomments&post=173"}],"version-history":[{"count":1,"href":"https:\/\/dobros\u0142aw.pl\/index.php?rest_route=\/wp\/v2\/pages\/173\/revisions"}],"predecessor-version":[{"id":179,"href":"https:\/\/dobros\u0142aw.pl\/index.php?rest_route=\/wp\/v2\/pages\/173\/revisions\/179"}],"wp:attachment":[{"href":"https:\/\/dobros\u0142aw.pl\/index.php?rest_route=%2Fwp%2Fv2%2Fmedia&parent=173"}],"curies":[{"name":"wp","href":"https:\/\/api.w.org\/{rel}","templated":true}]}}