{"id":2,"date":"2021-11-30T10:42:31","date_gmt":"2021-11-30T09:42:31","guid":{"rendered":"https:\/\/server918734.nazwa.pl\/wordpress\/wpn_pierwszainstalacja\/?page_id=2"},"modified":"2021-12-20T11:35:47","modified_gmt":"2021-12-20T10:35:47","slug":"przykladowa-strona","status":"publish","type":"page","link":"https:\/\/dobros\u0142aw.pl\/?page_id=2","title":{"rendered":"Statut Stowarzyszenia Charytatywnego \u201eDobros\u0142aw\u201d w Lublinie"},"content":{"rendered":"\n<p><strong>SPIS TRE\u015aCI:<\/strong><\/p>\n\n\n\n<p><span class=\"has-inline-color has-primary-color\">I. POSTANOWIENIA OG\u00d3LNE<\/span><\/p>\n\n\n\n<p>II. CELE I \u015aRODKI DZIA\u0141ANIA<\/p>\n\n\n\n<p>III.CZ\u0141ONKOWIE \u2013 PRAWA I OBOWI\u0104ZKI<\/p>\n\n\n\n<p>IV.W\u0141ADZE STOWARZYSZENIA<\/p>\n\n\n\n<p>V. MAJ\u0104TEK I FUNDUSZE<\/p>\n\n\n\n<p>VI. POSTANOWIENIA KO\u0143COWE<\/p>\n\n\n\n<p><span class=\"has-inline-color has-accent-color\">ROZDZIA\u0141 I.<br>POSTANOWIENIA OG\u00d3LNE<\/span><\/p>\n\n\n\n<p>1) Stowarzyszenie nosi nazw\u0119 Stowarzyszenie Charytatywne Dobros\u0142aw w dalszych postanowieniach statutu zwane Stowarzyszeniem.<\/p>\n\n\n\n<p>2) Stowarzyszenie jest zrzeszeniem os\u00f3b fizycznych, zawi\u0105zanym dla niesienia pomocy osobom potrzebuj\u0105cym &#8211; niepe\u0142nosprawnym ruchowo,u\u0142omnym fizycznie i psychicznie. Siedzib\u0105 stowarzyszenia jest Lublin. Terenem dzia\u0142ania jest Rzeczpospolita Polska.<\/p>\n\n\n\n<p>3) Dla realizacji cel\u00f3w statutowych Stowarzyszenie mo\u017ce dzia\u0142a\u0107 na terenie innych pa\u0144stw z poszanowaniem tamtejszego prawa, a w szczeg\u00f3lno\u015bci Unia Pa\u0144stw Europejskich.<\/p>\n\n\n\n<p>4.) Stowarzyszenie jest zawi\u0105zane na czas nieograniczony. Posiada osobowo\u015b\u0107 prawn\u0105. Dzia\u0142a na podstawie przepis\u00f3w ustawy z dnia 7 kwietnia 1989 r. Prawo o Stowarzyszeniach ( Dz.U.z 2001, Nr 79, poz. 855 z p\u00f3\u017an.zm.), oraz niniejszego statutu.<\/p>\n\n\n\n<p>5) Stowarzyszenie mo\u017ce nale\u017ce\u0107 do innych krajowych i mi\u0119dzynarodowych organizacji o podobnych celach, lub z nimi wsp\u00f3\u0142dzia\u0142a\u0107.<\/p>\n\n\n\n<p>6) Dzia\u0142alno\u015b\u0107 Stowarzyszenia oparta jest przede wszystkim na pracy spo\u0142ecznej cz\u0142onk\u00f3w. Do prowadzenia swych spraw stowarzyszenie mo\u017ce zatrudnia\u0107 pracownik\u00f3w.<\/p>\n\n\n\n<p>7) W celu pozyskania \u015brodk\u00f3w na cele statutowe, Stowarzyszenie mo\u017ce zawiera\u0107 umowy z osobami fizycznymi i innymi organizacjami- podmiotami gospodarczymi, itp.<\/p>\n\n\n\n<p><span class=\"has-inline-color has-accent-color\">ROZDZIA\u0141 II.<br>CELE I \u015aRODKI DZIA\u0141ANIA<\/span><\/p>\n\n\n\n<ol class=\"wp-block-list\" start=\"8\"><li>Celem Stowarzyszenia jest niesienie szeroko rozumianej pomocy osobom niepe\u0142no- sprawnym ruchowo,a w szczeg\u00f3lno\u015bci dzieciom. Niesienie pomocy osobom niepe\u0142nosprawnym psychicznie i fizycznie, u\u0142omnym z r\u00f3\u017cnych powod\u00f3w. Pomoc w szczeg\u00f3lnie drogich operacjach i zabiegach rehabilitacyjnych, pomoc w rehabilitacji, umo\u017cliwienie powrotu do zdrowia. Pomoc rodzinom wielodzietnym,itp.<\/li><li>Stowarzyszenie cele swe realizowa\u0107 b\u0119dzie poprzez:<\/li><\/ol>\n\n\n\n<p>a) organizowanie zbi\u00f3rek publicznych w r\u00f3\u017cnej postaci za zgod\u0105 odpowiednich organ\u00f3w<br>b) pozyskiwanie \u015brodk\u00f3w z darowizn i sponsoringu<br>c) sprzeda\u017c cegie\u0142ek<br>d) organizowanie akcji charytatywnych<br>e) sprzeda\u017c oraz aukcja pozyskanych przedmiot\u00f3w z darowizn<br>f) pozyskiwanie \u015brodk\u00f3w z rozprowadzanych ulotek, plakat\u00f3w i innych pism b\u0119d\u0105cych w\u0142asno\u015bci\u0105 innych podmiot\u00f3w gospodarczych<br>g) doch\u00f3d z reklamy i dzia\u0142alno\u015bci internetowej<br>h) zysk w wysoko\u015bci 1% wynikaj\u0105cy z publikacji KRS &#8211; odliczenia od podatku firm i os\u00f3b fizycznych.<br>i) inne prawnie dozwolone \u015brodki pozyskiwania funduszy o kt\u00f3rych nie by\u0142o mowy\u2026<\/p>\n\n\n\n<ol class=\"wp-block-list\" start=\"10\"><li>Pozyskiwane \u015brodki przeznacza\u0107 na cel statutowy \u2013 niesienie pomocy osobom niepe\u0142nosprawnym ruchowo. Pomoc rodzinom wielodzietnym. Rehabilitacje,operacje,zabiegi itp.<\/li><\/ol>\n\n\n\n<p>a) d\u0105\u017cenie do wybudowania w\u0142asnego o\u015brodka pomocy i rehabilitacji z zastosowaniem zooterapii (hipoterapia, dogoterapia, itp.), z zastosowaniem nowoczesnych aparatur i urz\u0105dze\u0144 rehabilitacyjnych.<br>b) zakup szeroko rozumianych urz\u0105dze\u0144 rehabilitacyjnych.<br>c) finansowanie leczenia ( kosztowne operacje,zabiegi itp.) organizacja oboz\u00f3w leczniczych dla dzieci biednych, pochodz\u0105cych z rodzin rozbitych ,wielodzietnych, dotkni\u0119tych rodzinnymi tragediami.<\/p>\n\n\n\n<p><span class=\"has-inline-color has-accent-color\">ROZDZIA\u0141 III.<br>CZ\u0141ONKOWIE &#8211; PRAWA I OBOWI\u0104ZKI<\/span><\/p>\n\n\n\n<ol class=\"wp-block-list\" start=\"11\"><li>Cz\u0142onkiem Stowarzyszenia mo\u017ce zosta\u0107 ka\u017cdy<\/li><li>Cz\u0142onkiem Stowarzyszenia staje si\u0119 ten kto z\u0142o\u017cy deklaracj\u0119 cz\u0142onkowsk\u0105 i zostanie przyj\u0119ty &#8211; zgadza si\u0119 z celami organizacji,<\/li><li>Cz\u0142onkostwo wymaga wprowadzenia przez 2 osoby b\u0119d\u0105ce ju\u017c cz\u0142onkami Stowarzyszenia<\/li><li>Osoby ma\u0142oletnie, nie m\u0142odsze ni\u017c 15 lat , mog\u0105 by\u0107 wprowadzone w poczet cz\u0142onka tylko za pisemn\u0105 zgod\u0105 rodzic\u00f3w , lub dzia\u0142a\u0107 u boku rodzic\u00f3w.<\/li><li>Cz\u0142onek Stowarzyszenia musi godnie reprezentowa\u0107 sw\u0105 organizacje.<\/li><li>Ka\u017cdy cz\u0142onek zobowi\u0105zany jest do regularnego p\u0142acenia sk\u0142adek<\/li><li>Cz\u0142onkami Stowarzyszenia mog\u0105 by\u0107 osoby fizyczne i prawne. Osoba prawna mo\u017ce by\u0107 jedynie cz\u0142onkiem wspieraj\u0105cym Stowarzyszenia.<\/li><li>Stowarzyszenie posiada cz\u0142onk\u00f3w:<\/li><\/ol>\n\n\n\n<p>a) zwyczajnych,<br>b) wspieraj\u0105cych,<br>c) honorowych. 1<\/p>\n\n\n\n<ol class=\"wp-block-list\" start=\"9\"><li>Cz\u0142onkiem Zwyczajnym Stowarzyszenia mo\u017ce by\u0107 ka\u017cda osoba fizyczna, kt\u00f3ra:<\/li><\/ol>\n\n\n\n<p>a) z\u0142o\u017cy deklaracj\u0119 cz\u0142onkowsk\u0105 na pi\u015bmie,<br>b) przedstawi pozytywn\u0105 opini\u0119 dw\u00f3ch cz\u0142onk\u00f3w Stowarzyszenia.<\/p>\n\n\n\n<ol class=\"wp-block-list\" start=\"20\"><li>Cz\u0142onkiem zwyczajnym staje si\u0119 po z\u0142o\u017ceniu pisemnej deklaracji na podstawie uchwa\u0142y Zarz\u0105du Stowarzyszenia.<\/li><li>Cz\u0142onkiem wspieraj\u0105cym Stowarzyszenie mo\u017ce zosta\u0107 osoba fizyczna i prawna deklaruj\u0105ca pomoc finansow\u0105, rzeczow\u0105 lub merytoryczn\u0105 w realizacji cel\u00f3w Stowarzyszenia.<\/li><\/ol>\n\n\n\n<p>21a. Cz\u0142onkiem wspieraj\u0105cym staje si\u0119 po z\u0142o\u017ceniu pisemnej deklaracji na podstawie uchwa\u0142y Zarz\u0105du.<\/p>\n\n\n\n<ol class=\"wp-block-list\" start=\"22\"><li>Cz\u0142onkiem honorowym Stowarzyszenia mo\u017ce by\u0107 osoba fizyczna, kt\u00f3ra wnios\u0142a wybitny wk\u0142ad w dzia\u0142alno\u015b\u0107 i rozw\u00f3j Stowarzyszenia.<\/li><\/ol>\n\n\n\n<p>22a. Cz\u0142onkowie honorowi s\u0105 przyjmowani przez Walne Zgromadzenie na wniosek 10 cz\u0142onk\u00f3w Stowarzyszenia, lub wniosek Zarz\u0105du<\/p>\n\n\n\n<ol class=\"wp-block-list\" start=\"23\"><li>Cz\u0142onkowie zwyczajni maj\u0105 prawo:<\/li><\/ol>\n\n\n\n<p>a) biernego i czynnego uczestniczenia w wyborach do w\u0142adz Stowarzyszenia<br>b) korzystania z dorobku, maj\u0105tku i wszelkich form dzia\u0142alno\u015bci Stowarzyszenia,<br>c) udzia\u0142u w zebraniach, wyk\u0142adach oraz imprezach organizowanych przez Stowarzyszenie,<br>d) zg\u0142aszania wniosk\u00f3w co do dzia\u0142alno\u015bci Stowarzyszenia.<\/p>\n\n\n\n<ol class=\"wp-block-list\" start=\"24\"><li>Cz\u0142onkowie zwyczajni maj\u0105 obowi\u0105zek:<\/li><\/ol>\n\n\n\n<p>a) brania udzia\u0142u w dzia\u0142alno\u015bci Stowarzyszenia i realizacji jego cel\u00f3w,<br>b) przestrzegania statutu i uchwa\u0142 w\u0142adz Stowarzyszenia,<br>c) regularnego op\u0142acania sk\u0142adek.<\/p>\n\n\n\n<ol class=\"wp-block-list\" start=\"25\"><li>Cz\u0142onkowie wspieraj\u0105cy i honorowi nie posiadaj\u0105 biernego oraz czynnego prawa wyborczego, mog\u0105 jednak bra\u0107 udzia\u0142 z g\u0142osem doradczym w statutowych w\u0142adzach Stowarzyszenia, poza tym posiadaj\u0105 takie prawa jak cz\u0142onkowie zwyczajni.<\/li><li>Cz\u0142onek wspieraj\u0105cy ma obowi\u0105zek wywi\u0105zywania si\u0119 z zadeklarowanych \u015bwiadcze\u0144, przestrzegania statutu oraz uchwa\u0142 w\u0142adz Stowarzyszenia.<\/li><li>Cz\u0142onkowie honorowi s\u0105 zwolnieni ze sk\u0142adek cz\u0142onkowskich.<\/li><li>Utrata cz\u0142onkostwa nast\u0119puje na skutek:<\/li><\/ol>\n\n\n\n<p>a) pisemnej rezygnacji z\u0142o\u017conej na r\u0119ce Zarz\u0105du,<br>b) wykluczenia przez Zarz\u0105d: \u2022 z powodu \u0142amania statutu i nieprzestrzegania uchwa\u0142 w\u0142adz Stowarzyszenia, \u2022 z powodu notorycznego nie brania udzia\u0142u w pracach Stowarzyszenia, \u2022 z powodu nie p\u0142acenia sk\u0142adek za okres p\u00f3\u0142 roku, \u2022 na pisemny wniosek trzech cz\u0142onk\u00f3w Stowarzyszenia<br>c) utraty praw obywatelskich na mocy prawomocnego wyroku s\u0105du,<br>d) \u015bmierci cz\u0142onka oraz utraty osobowo\u015bci prawnej przez osoby prawne.<\/p>\n\n\n\n<ol class=\"wp-block-list\" start=\"29\"><li>Od uchwa\u0142y Zarz\u0105du w sprawie przyj\u0119cia w poczet cz\u0142onk\u00f3w stowarzyszenia lub pozbawienia cz\u0142onkostwa zainteresowanemu przys\u0142uguje odwo\u0142anie do Walnego Zgromadzenia Cz\u0142onk\u00f3w. Uchwa\u0142a walnego zgromadzenia cz\u0142onk\u00f3w jest ostateczna.<\/li><\/ol>\n\n\n\n<p><span class=\"has-inline-color has-accent-color\">ROZDZIA\u0141 IV<br>W\u0141ADZE STOWARZYSZENIA<\/span><\/p>\n\n\n\n<ol class=\"wp-block-list\" start=\"30\"><li>W\u0142adzami Stowarzyszenia s\u0105:<\/li><\/ol>\n\n\n\n<p>a) Walne Zgromadzenie Cz\u0142onk\u00f3w,<br>b) Zarz\u0105d,<br>c) Komisja Rewizyjna<\/p>\n\n\n\n<ol class=\"wp-block-list\" start=\"31\"><li>Kadencja w\u0142adz.<\/li><\/ol>\n\n\n\n<p>a) Kadencja wszystkich w\u0142adz wybieralnych Stowarzyszenia trwa cztery lata, a ich wyb\u00f3r odbywa si\u0119 w g\u0142osowaniu jawnym bezwzgl\u0119dn\u0105 wi\u0119kszo\u015bci\u0105 g\u0142os\u00f3w<br>b) Cz\u0142onkowie wybrani do w\u0142adz Stowarzyszenia mog\u0105 t\u0119 sam\u0105 funkcj\u0119 pe\u0142ni\u0107 nie d\u0142u\u017cej ni\u017c przez dwie kadencje.<\/p>\n\n\n\n<ol class=\"wp-block-list\" start=\"32\"><li>Uchwa\u0142y wszystkich w\u0142adz Stowarzyszenia zapadaj\u0105 zwyk\u0142\u0105 wi\u0119kszo\u015bci\u0105 g\u0142os\u00f3w przy obecno\u015bci co najmniej po\u0142owy cz\u0142onk\u00f3w uprawnionych do g\u0142osowani, chyba \u017ce dalsze postanowienia statutu stanowi\u0105 inaczej.<\/li><li>Walne Zgromadzenie Cz\u0142onk\u00f3w jest najwy\u017csz\u0105 w\u0142adz\u0105 Stowarzyszenia. W Walnym Zgromadzeniu Cz\u0142onk\u00f3w bior\u0105 udzia\u0142:<\/li><\/ol>\n\n\n\n<p>a) z g\u0142osem stanowi\u0105cym \u2013 cz\u0142onkowie zwyczajni,<br>b) z g\u0142osem doradczym \u2013 cz\u0142onkowie wspieraj\u0105cy, honorowi oraz zaproszeni go\u015bcie.<\/p>\n\n\n\n<ol class=\"wp-block-list\" start=\"34\"><li>Walne Zgromadzenie Cz\u0142onk\u00f3w mo\u017ce by\u0107 zwyczajne i nadzwyczajne.<\/li><li>Walne Zgromadzenie Cz\u0142onk\u00f3w zwyczajne jest zwo\u0142ywane raz na dwa lata przez Zarz\u0105d Stowarzyszenia. Termin i miejsce obrad Zarz\u0105d podaje do wiadomo\u015bci wszystkich cz\u0142onk\u00f3w co najmniej na 7 dni przed terminem zebrania.<\/li><li>Walne Zgromadzenie Cz\u0142onk\u00f3w nadzwyczajne mo\u017ce si\u0119 odby\u0107 w ka\u017cdym czasie. Jest zwo\u0142ywane przez Zarz\u0105d z jego inicjatywy, na wniosek Komisji Rewizyjnej lub pisemny wniosek co najmniej 1\/3 og\u00f3lnej liczby cz\u0142onk\u00f3w zwyczajnych Stowarzyszenia.<\/li><li>Uchwa\u0142y Walnego Zgromadzenia Stowarzyszenia zapadaj\u0105 bezwzgl\u0119dn\u0105 wi\u0119kszo\u015bci\u0105 g\u0142os\u00f3w w obecno\u015bci przynajmniej po\u0142owy og\u00f3lnej liczby cz\u0142onk\u00f3w. G\u0142osowanie jest jawne.<\/li><li>Do kompetencji Walnego Zgromadzenia nale\u017c\u0105:<\/li><\/ol>\n\n\n\n<p>a) okre\u015blenie g\u0142\u00f3wnych kierunk\u00f3w dzia\u0142ania i rozwoju Stowarzyszenia,<br>b) uchwalania zmian statutu,<br>c) wyb\u00f3r i odwo\u0142ywanie wszystkich w\u0142adz Stowarzyszenia,<br>d) udzielanie Zarz\u0105dowi absolutorium na wniosek Komisji Rewizyjnej,<br>e) rozpatrywanie sprawozda\u0144 z dzia\u0142alno\u015bci Zarz\u0105du i Komisji Rewizyjnej,<br>f) uchwalanie bud\u017cetu,<br>g) uchwalanie wysoko\u015bci sk\u0142adek cz\u0142onkowskich oraz wszystkich innych \u015bwiadcze\u0144 na rzecz Stowarzyszenia,<br>h) podejmowanie uchwa\u0142 w sprawie przyj\u0119cia cz\u0142onka honorowego, i) rozpatrywanie i zatwierdzanie sprawozda\u0144 w\u0142adz Stowarzyszenia, j) rozpatrywanie wniosk\u00f3w i postulat\u00f3w zg\u0142oszonych przez cz\u0142onk\u00f3w Stowarzyszenia lub jego w\u0142adze,<br>k) rozpatrywanie odwo\u0142a\u0144 od uchwa\u0142 Zarz\u0105du,<br>l) podejmowanie uchwa\u0142y o rozwi\u0105zaniu Stowarzyszenia i przeznaczeniu jego maj\u0105tku,<br>m) podejmowanie uchwa\u0142 w ka\u017cdej sprawie wniesionej pod obrady, we wszystkich sprawach nie zastrze\u017conych do kompetencji innych w\u0142adz stowarzyszenia.<\/p>\n\n\n\n<ol class=\"wp-block-list\" start=\"39\"><li>Zarz\u0105d jest powo\u0142any do kierowania ca\u0142\u0105 dzia\u0142alno\u015bci\u0105 Stowarzyszenia zgodnie z uchwa\u0142ami Walnego Zgromadzenia Cz\u0142onk\u00f3w, reprezentuje Stowarzyszenia na zewn\u0105trz.<\/li><li>Zarz\u0105d sk\u0142ada si\u0119 z 3 do 7 os\u00f3b w tym prezesa, kt\u00f3rego wybiera spo\u015br\u00f3d cz\u0142onk\u00f3w Zarz\u0105d<\/li><li>Posiedzenia Zarz\u0105du odbywaj\u0105 si\u0119 w miar\u0119 potrzeb, nie rzadziej jednak ni\u017c raz na miesi\u0105c. Posiedzenia Zarz\u0105du zwo\u0142uje prezes.<\/li><li>Do kompetencji Zarz\u0105du nale\u017c\u0105:<\/li><\/ol>\n\n\n\n<p>a) realizacja cel\u00f3w Stowarzyszenia,<br>b) wykonywanie uchwa\u0142 Walnego Zgromadzenia Cz\u0142onk\u00f3w,<br>c) sporz\u0105dzanie plan\u00f3w pracy i bud\u017cetu,<br>d) sprawowanie zarz\u0105du nad maj\u0105tkiem Stowarzyszenia,<br>e) podejmowanie uchwa\u0142 o nabywaniu, zbywaniu lub obci\u0105\u017caniu maj\u0105tku Stowarzyszenia<br>f) reprezentowanie Stowarzyszenia na zewn\u0105trz,<br>g) zwo\u0142ywanie Walnego Zgromadzenia Cz\u0142onk\u00f3w,<br>h) przyjmowanie i skre\u015blanie cz\u0142onk\u00f3w.<\/p>\n\n\n\n<ol class=\"wp-block-list\" start=\"43\"><li>Do sprawowania kontroli nad dzia\u0142alno\u015bci\u0105 Stowarzyszenia mo\u017ce by\u0107 powo\u0142ana Komisja Rewizyjna<\/li><li>Komisja Rewizyjna sk\u0142ada si\u0119 z 3 do 5 os\u00f3b w tym przewodnicz\u0105cego, zast\u0119pcy oraz sekretarza.<\/li><li>Do kompetencji Komisji Rewizyjnej nale\u017cy:<\/li><\/ol>\n\n\n\n<p>a) kontrolowanie dzia\u0142alno\u015bci Zarz\u0105du,<br>b) sk\u0142adanie wniosk\u00f3w z kontroli na Walnym Zgromadzeniu Cz\u0142onk\u00f3w,<br>c) prawo wyst\u0105pienia z wnioskiem o zwo\u0142anie Walnego Zgromadzenia Cz\u0142onk\u00f3w oraz zebrania Zarz\u0105du,<br>d) sk\u0142adanie wniosk\u00f3w o absolutorium dla w\u0142adz Stowarzyszenia,<br>e) sk\u0142adanie sprawozda\u0144 ze swojej dzia\u0142alno\u015bci na Walnym Zgromadzeniu Cz\u0142onk\u00f3w.<\/p>\n\n\n\n<ol class=\"wp-block-list\" start=\"46\"><li>W razie gdy sk\u0142ad w\u0142adz Stowarzyszenia ulegnie zmniejszeniu w czasie trwania kadencji uzupe\u0142nienie ich sk\u0142adu mo\u017ce nast\u0105pi\u0107 w drodze kooptacji, kt\u00f3rej dokonuj\u0105 pozostali cz\u0142onkowie organu, kt\u00f3ry uleg\u0142 zmniejszeniu. W tym trybie mo\u017cna powo\u0142a\u0107 nie wi\u0119cej ni\u017c po\u0142ow\u0119 sk\u0142adu organu. <br><br><span class=\"has-inline-color has-accent-color\">ROZDZIA\u0141 V <br>MAJ\u0104TEK I FUNDUSZE<br><\/span><\/li><li>Maj\u0105tek Stowarzyszenia powstaje:<\/li><\/ol>\n\n\n\n<p>a) ze sk\u0142adek cz\u0142onkowskich,<br>b) darowizn, spadk\u00f3w, zapis\u00f3w,<br>c) dotacji i ofiarno\u015bci publicznej.<br>d) dzia\u0142a\u0144 w\u0142asnych stowarzyszenia &#8211; apele,reklama, plakaty<\/p>\n\n\n\n<ol class=\"wp-block-list\" start=\"48\"><li>Wszelkie \u015brodki pieni\u0119\u017cne mog\u0105 by\u0107 przechowywane wy\u0142\u0105cznie na koncie Stowarzyszenia.<\/li><li>Stowarzyszenie prowadzi gospodark\u0119 finansow\u0105 zgodnie z obowi\u0105zuj\u0105cymi przepisami.<\/li><li>Decyzje w sprawie nabywania, zbywania i obci\u0105\u017cania maj\u0105tku Stowarzyszenia podejmuje Zarz\u0105d.<\/li><li>Do zawierania um\u00f3w, udzielania pe\u0142nomocnictwa i sk\u0142adania innych o\u015bwiadcze\u0144 woli w szczeg\u00f3lno\u015bci w sprawach maj\u0105tkowych wymagane s\u0105 podpisy dw\u00f3ch cz\u0142onk\u00f3w Zarz\u0105du dzia\u0142aj\u0105cych \u0142\u0105cznie.<\/li><\/ol>\n\n\n\n<p><span class=\"has-inline-color has-accent-color\">ROZDZIA\u0141 VI<br>POSTANOWIENIA KO\u0143COWE<\/span><\/p>\n\n\n\n<ol class=\"wp-block-list\" start=\"52\"><li>Uchwa\u0142\u0119 w sprawie zmiany statutu oraz uchwa\u0142\u0119 o rozwi\u0105zaniu Stowarzyszenia podejmuje Walne Zgromadzenie Cz\u0142onk\u00f3w kwalifikowan\u0105 wi\u0119kszo\u015bci\u0105 g\u0142os\u00f3w \u2013 (2\/3), przy obecno\u015bci co najmniej po\u0142owy uprawnionych do g\u0142osowania.<\/li><li>Podejmuj\u0105c uchwa\u0142\u0119 o rozwi\u0105zaniu Stowarzyszenia Walne Zgromadzenie Cz\u0142onk\u00f3w okre\u015bla spos\u00f3b jego likwidacji oraz przeznaczenie maj\u0105tku Stowarzyszenia.<\/li><li>W sprawach nie uregulowanych w niniejszym statucie zastosowanie maj\u0105 przepisy ustawy<\/li><\/ol>\n","protected":false},"excerpt":{"rendered":"<p>SPIS TRE\u015aCI: I. POSTANOWIENIA OG\u00d3LNE II. CELE I \u015aRODKI DZIA\u0141ANIA III.CZ\u0141ONKOWIE \u2013 PRAWA I OBOWI\u0104ZKI IV.W\u0141ADZE STOWARZYSZENIA V. MAJ\u0104TEK I FUNDUSZE VI. POSTANOWIENIA KO\u0143COWE ROZDZIA\u0141 I.POSTANOWIENIA OG\u00d3LNE 1) Stowarzyszenie nosi nazw\u0119 Stowarzyszenie Charytatywne Dobros\u0142aw w dalszych postanowieniach statutu zwane Stowarzyszeniem. 2) Stowarzyszenie jest zrzeszeniem os\u00f3b fizycznych, zawi\u0105zanym dla niesienia pomocy osobom potrzebuj\u0105cym &#8211; niepe\u0142nosprawnym ruchowo,u\u0142omnym [&hellip;]<\/p>\n","protected":false},"author":1,"featured_media":0,"parent":0,"menu_order":0,"comment_status":"closed","ping_status":"open","template":"","meta":{"footnotes":""},"class_list":["post-2","page","type-page","status-publish","hentry"],"_links":{"self":[{"href":"https:\/\/dobros\u0142aw.pl\/index.php?rest_route=\/wp\/v2\/pages\/2","targetHints":{"allow":["GET"]}}],"collection":[{"href":"https:\/\/dobros\u0142aw.pl\/index.php?rest_route=\/wp\/v2\/pages"}],"about":[{"href":"https:\/\/dobros\u0142aw.pl\/index.php?rest_route=\/wp\/v2\/types\/page"}],"author":[{"embeddable":true,"href":"https:\/\/dobros\u0142aw.pl\/index.php?rest_route=\/wp\/v2\/users\/1"}],"replies":[{"embeddable":true,"href":"https:\/\/dobros\u0142aw.pl\/index.php?rest_route=%2Fwp%2Fv2%2Fcomments&post=2"}],"version-history":[{"count":4,"href":"https:\/\/dobros\u0142aw.pl\/index.php?rest_route=\/wp\/v2\/pages\/2\/revisions"}],"predecessor-version":[{"id":81,"href":"https:\/\/dobros\u0142aw.pl\/index.php?rest_route=\/wp\/v2\/pages\/2\/revisions\/81"}],"wp:attachment":[{"href":"https:\/\/dobros\u0142aw.pl\/index.php?rest_route=%2Fwp%2Fv2%2Fmedia&parent=2"}],"curies":[{"name":"wp","href":"https:\/\/api.w.org\/{rel}","templated":true}]}}